{"id":14591,"date":"2018-02-20T12:17:09","date_gmt":"2018-02-20T12:17:09","guid":{"rendered":"http:\/\/makeup-review.cmsmasters.net\/?page_id=14591"},"modified":"2023-09-23T02:39:26","modified_gmt":"2023-09-23T02:39:26","slug":"about","status":"publish","type":"page","link":"https:\/\/beautyinthepink.com\/index.php\/about\/","title":{"rendered":"Acerca de nosotros"},"content":{"rendered":"<div id=\"tdi_1\" class=\"tdc-zone\"><div class=\"tdc_zone tdi_2  wpb_row td-pb-row\"  >\n<style scoped>\n\/* custom css - generated by TagDiv Composer *\/\n\n\/* custom css - generated by TagDiv Composer *\/\n.tdi_2{\r\n                    min-height: 0;\r\n                }\n<\/style><div id=\"tdi_3\" class=\"tdc-row stretch_row_1200 td-stretch-content\"><div class=\"vc_row tdi_4  wpb_row td-pb-row\" >\n<style scoped>\n\/* custom css - generated by TagDiv Composer *\/\n\n\/* custom css - generated by TagDiv Composer *\/\n.tdi_4,\r\n                .tdi_4 .tdc-columns{\r\n                    min-height: 0;\r\n                }.tdi_4,\r\n\t\t\t\t.tdi_4 .tdc-columns{\r\n\t\t\t\t    display: block;\r\n\t\t\t\t}.tdi_4 .tdc-columns{\r\n\t\t\t\t    width: 100%;\r\n\t\t\t\t}.tdi_4:before,\r\n\t\t\t\t.tdi_4:after{\r\n\t\t\t\t    display: table;\r\n\t\t\t\t}\n<\/style><div class=\"vc_column tdi_6  wpb_column vc_column_container tdc-column td-pb-span12\">\n<style scoped>\n\/* custom css - generated by TagDiv Composer *\/\n\n\/* custom css - generated by TagDiv Composer *\/\n.tdi_6{\r\n                    vertical-align: baseline;\r\n                }.tdi_6 > .wpb_wrapper,\r\n\t\t\t\t.tdi_6 > .wpb_wrapper > .tdc-elements{\r\n\t\t\t\t    display: block;\r\n\t\t\t\t}.tdi_6 > .wpb_wrapper > .tdc-elements{\r\n\t\t\t\t    width: 100%;\r\n\t\t\t\t}.tdi_6 > .wpb_wrapper > .vc_row_inner{\r\n\t\t\t\t    width: auto;\r\n\t\t\t\t}.tdi_6 > .wpb_wrapper{\r\n\t\t\t\t    width: auto;\r\n\t\t\t\t    height: auto;\r\n\t\t\t\t}\n<\/style><div class=\"wpb_wrapper\" ><div class=\"tdm_block td_block_wrap tdm_block_text_image tdi_7 td-animation-stack tdm-layout-12-12 tdm-content-horiz-left tdm-content-vert-center td-pb-border-top td_block_template_1\"  data-td-block-uid=\"tdi_7\" >\n<style>\n\/* custom css - generated by TagDiv Composer *\/\n.tdm_block_text_image .tdm-text-wrap{\r\n                  padding-top: 20px;\r\n                  padding-bottom: 20px;\r\n                }.tdm_block_text_image .tdm-descr{\r\n                  margin-bottom: 0;\r\n                }.tdm_block_text_image .tds-button{\r\n                  margin-top: 30px;\r\n                }@media (min-width: 767px) {\r\n                  .tdm_block_text_image.tdm-text-image-extend-img {\r\n                    margin-right: calc((-100vw + 100%) \/ 2);\r\n                  }\r\n                  .tdm_block_text_image.tdm-text-image-extend-img.tdm-flip-yes {\r\n                    margin-right: 0;\r\n                    margin-left: calc((-100vw + 100%) \/ 2);\r\n                  }\r\n                  .tdm_block_text_image.tdm-text-image-extend-img.tdm-flip-yes .tdm-col-img {\r\n                    text-align: right;\r\n                  }\r\n                }@media (max-width: 767px) {\r\n                  .tdm_block_text_image .tdm-col-img {\r\n                    margin-top: 36px;\r\n                  }\r\n                  .tdm_block_text_image.tdm-flip-yes .tdm-col-img {\r\n                    margin-top: 0;\r\n                    margin-bottom: 15px;\r\n                  }\r\n                }\n<\/style><div class=\"td-block-width tdm-fix-full\"><div class=\"td-block-row tdm-row\"><div class=\"td-block-span6 tdm-col\"><div class=\"tdm-text-wrap tdm-text-padding\"><div class=\"tds-title tds-title1 td-fix-index tdi_8 \"><h3 class=\"tdm-title tdm-title-md\">Acerca de Nosotros<\/h3><\/div><p class=\"tdm-descr td-fix-index\">Nuestro objetivo es brindar consejos de salud y belleza a todas las mujeres que deseen mejorar su bienestar f\u00edsico y cuidado de la piel, as\u00ed como su apariencia en general. <br\/><br\/>\nEn nuestro blog nos enfocamos en ofrecer rese\u00f1as de diversos productos, como maquillaje, lociones, vitaminas, remedios caseros, entre otros. <br\/><br\/>\nAdem\u00e1s, brindamos consejos sobre maquillaje, cremas faciales, tratamientos para el acn\u00e9, uso de vitaminas, ejercicios y remedios caseros para problemas como estr\u00edas y manchas en la piel. Abordamos todos los temas que sabemos que son de inter\u00e9s para las mujeres.\n\n<\/p><\/div><\/div><div class=\"td-block-span6 tdm-col tdm-col-img\"><img class=\"tdm-image td-fix-index td-lazy-img\" data-type=\"image_tag\" data-img-url=\"https:\/\/beautyinthepink.com\/wp-content\/uploads\/2023\/09\/Untitled-design-2.jpg\"  title=\"Beauty In The Pink about\" alt=\"Beauty In The Pink about\" width=\"1000\" height=\"600\"><\/div><\/div><\/div><\/div><\/div><\/div><\/div><\/div><div id=\"tdi_9\" class=\"tdc-row stretch_row_1200 td-stretch-content\"><div class=\"vc_row tdi_10  wpb_row td-pb-row\" >\n<style scoped>\n\/* custom css - generated by TagDiv Composer *\/\n\n\/* custom css - generated by TagDiv Composer *\/\n.tdi_10,\r\n                .tdi_10 .tdc-columns{\r\n                    min-height: 0;\r\n                }.tdi_10,\r\n\t\t\t\t.tdi_10 .tdc-columns{\r\n\t\t\t\t    display: block;\r\n\t\t\t\t}.tdi_10 .tdc-columns{\r\n\t\t\t\t    width: 100%;\r\n\t\t\t\t}.tdi_10:before,\r\n\t\t\t\t.tdi_10:after{\r\n\t\t\t\t    display: table;\r\n\t\t\t\t}\n<\/style><div class=\"vc_column tdi_12  wpb_column vc_column_container tdc-column td-pb-span12\">\n<style scoped>\n\/* custom css - generated by TagDiv Composer *\/\n\n\/* custom css - generated by TagDiv Composer *\/\n.tdi_12{\r\n                    vertical-align: baseline;\r\n                }.tdi_12 > .wpb_wrapper,\r\n\t\t\t\t.tdi_12 > .wpb_wrapper > .tdc-elements{\r\n\t\t\t\t    display: block;\r\n\t\t\t\t}.tdi_12 > .wpb_wrapper > .tdc-elements{\r\n\t\t\t\t    width: 100%;\r\n\t\t\t\t}.tdi_12 > .wpb_wrapper > .vc_row_inner{\r\n\t\t\t\t    width: auto;\r\n\t\t\t\t}.tdi_12 > .wpb_wrapper{\r\n\t\t\t\t    width: auto;\r\n\t\t\t\t    height: auto;\r\n\t\t\t\t}\n<\/style><div class=\"wpb_wrapper\" ><div class=\"tdm_block td_block_wrap tdm_block_inline_text tdi_13 tdm-inline-block td-pb-border-top td_block_template_1\"  data-td-block-uid=\"tdi_13\" >\n<style>\n\/* custom css - generated by TagDiv Composer *\/\n.tdm_block.tdm_block_inline_text{\r\n                  margin-bottom: 0;\r\n                  vertical-align: top;\r\n                }.tdm_block.tdm_block_inline_text .tdm-descr{\r\n                  margin-bottom: 0;\r\n                  -webkit-transform: translateZ(0);\r\n                  transform: translateZ(0);\r\n                }.tdc-row-content-vert-center .tdm-inline-text-yes{\r\n                  vertical-align: middle;\r\n                }.tdc-row-content-vert-bottom .tdm-inline-text-yes{\r\n                  vertical-align: bottom;\r\n                }.tdi_13{\r\n                    text-align: left !important;\r\n                }\n<\/style><p class=\"tdm-descr\"><b>\u00bfPor qu\u00e9 Beauty in the Pink? <\/b>\n<br\/><br\/>\n\"Beauty\" porque abordamos temas relacionados con la belleza. \"In the Pink\" porque en ingl\u00e9s significa estar en perfecto estado de salud. Ese es nuestro deseo: que cada mujer pueda dar lo mejor de s\u00ed misma mientras se encuentra en \u00f3ptimas condiciones de salud.<\/p><\/div><div class=\"wpb_wrapper td_block_empty_space td_block_wrap vc_empty_space tdi_15 \"  style=\"height: 42px\"><\/div><\/div><\/div><\/div><\/div><div id=\"tdi_16\" class=\"tdc-row\"><div class=\"vc_row tdi_17  wpb_row td-pb-row\" >\n<style scoped>\n\/* custom css - generated by TagDiv Composer *\/\n\n\/* custom css - generated by TagDiv Composer *\/\n.tdi_17,\r\n                .tdi_17 .tdc-columns{\r\n                    min-height: 0;\r\n                }.tdi_17,\r\n\t\t\t\t.tdi_17 .tdc-columns{\r\n\t\t\t\t    display: block;\r\n\t\t\t\t}.tdi_17 .tdc-columns{\r\n\t\t\t\t    width: 100%;\r\n\t\t\t\t}.tdi_17:before,\r\n\t\t\t\t.tdi_17:after{\r\n\t\t\t\t    display: table;\r\n\t\t\t\t}\n<\/style><div class=\"vc_column tdi_19  wpb_column vc_column_container tdc-column td-pb-span12\">\n<style scoped>\n\/* custom css - generated by TagDiv Composer *\/\n\n\/* custom css - generated by TagDiv Composer *\/\n.tdi_19{\r\n                    vertical-align: baseline;\r\n                }.tdi_19 > .wpb_wrapper,\r\n\t\t\t\t.tdi_19 > .wpb_wrapper > .tdc-elements{\r\n\t\t\t\t    display: block;\r\n\t\t\t\t}.tdi_19 > .wpb_wrapper > .tdc-elements{\r\n\t\t\t\t    width: 100%;\r\n\t\t\t\t}.tdi_19 > .wpb_wrapper > .vc_row_inner{\r\n\t\t\t\t    width: auto;\r\n\t\t\t\t}.tdi_19 > .wpb_wrapper{\r\n\t\t\t\t    width: auto;\r\n\t\t\t\t    height: auto;\r\n\t\t\t\t}\n<\/style><div class=\"wpb_wrapper\" ><div class=\"td_block_wrap td_block_video_embed tdi_20 td-pb-border-top td_block_template_5\"  data-td-block-uid=\"tdi_20\" >\n<style>\n.td_block_template_5 .td-block-title {\r\n                font-size: 16px;\r\n                font-weight: 500;\r\n                margin-top: 0;\r\n                margin-bottom: 26px;\r\n                line-height: 25px;\r\n                color: var(--td_text_header_color, #000);\r\n                text-align: left;\r\n            }\r\n            .td_block_template_5 .td-block-title > * {\r\n                padding: 0 12px;\r\n                border-width: 0 0 0 4px;\r\n                border-style: solid;\r\n                border-color: var(--td_header_color, var(--td_theme_color, #4db2ec));\r\n            }\r\n            .td_block_template_5 .td-subcat-filter,\r\n            .td_block_template_5 .td-subcat-dropdown {\r\n                line-height: 25px;\r\n            }\r\n            @media (max-width: 767px) {\r\n                .td_block_template_5 .td-related-title a {\r\n                    font-size: 15px;\r\n                }\r\n            }\r\n            .td_block_template_5 .td-related-title:last-child {\r\n                border: none;\r\n            }\r\n            .td_block_template_5 .td-related-title .td-cur-simple-item {\r\n                color: var(--td_theme_color, #4db2ec);\r\n            }\n<\/style>\n<style>\n\/* custom css - generated by TagDiv Composer *\/\n.tdi_20 .wpb_video_wrapper{\r\n                    position: relative;\r\n                    height: 0;\r\n                    padding-bottom: 56.25%;\r\n                }.tdi_20 iframe{\r\n                    position: absolute;\r\n                    top: 0;\r\n                    left: 0;\r\n                    width: 100% !important;\r\n                    height: 100% !important;\r\n                }\n<\/style><div class=\"td-block-title-wrap\"><h4 class=\"td-block-title\"><span class=\"td-pulldown-size\">Makeover In The Pink<\/span><\/h4><\/div><div id=tdi_20 class=\"td_block_inner td-fix-index\">\r\n                            <div class=\"wpb_video_wrapper\">\r\n                                <iframe loading=\"lazy\" class=\"td-youtube-player\" width=\"600\" height=\"560\" src=\"https:\/\/www.youtube.com\/embed\/H7bpKVFXO-E?enablejsapi=1&feature=oembed&wmode=opaque&vq=hd720&&&\" frameborder=\"0\" allowfullscreen=\"\" allow=\"autoplay\"><\/iframe>                            \r\n                            <\/div>\r\n        \r\n                    <script type=\"text\/javascript\">\r\n                            \r\n                        jQuery().ready(function() {\r\n                            tdShowVideo.loadApiYoutube(); \r\n                        });\r\n                        \r\n                    <\/script><\/div><\/div><\/div><\/div><\/div><\/div><\/div><\/div>","protected":false},"excerpt":{"rendered":"","protected":false},"author":1,"featured_media":17247,"parent":0,"menu_order":0,"comment_status":"closed","ping_status":"closed","template":"","meta":{"tdm_status":"","tdm_grid_status":"","footnotes":""},"class_list":["post-14591","page","type-page","status-publish","has-post-thumbnail"],"yoast_head":"<!-- This site is optimized with the Yoast SEO plugin v27.6 - https:\/\/yoast.com\/product\/yoast-seo-wordpress\/ -->\n<title>Acerca de nosotros - Beauty in the pink | Qui\u00e9nes somos<\/title>\n<meta name=\"description\" content=\"Acerca de nosotros. Nuestro inter\u00e9s es brindarles consejos de belleza, salud, bienestar y rese\u00f1as de productos de salud y cuidado personal.\" \/>\n<meta name=\"robots\" content=\"index, follow, max-snippet:-1, max-image-preview:large, max-video-preview:-1\" \/>\n<link rel=\"canonical\" href=\"https:\/\/beautyinthepink.com\/index.php\/about\/\" \/>\n<meta property=\"og:locale\" content=\"en_US\" \/>\n<meta property=\"og:type\" content=\"article\" \/>\n<meta property=\"og:title\" content=\"Acerca de nosotros - Beauty in the pink | Qui\u00e9nes somos\" \/>\n<meta property=\"og:description\" content=\"Acerca de nosotros. Nuestro inter\u00e9s es brindarles consejos de belleza, salud, bienestar y rese\u00f1as de productos de salud y cuidado personal.\" \/>\n<meta property=\"og:url\" content=\"https:\/\/beautyinthepink.com\/index.php\/about\/\" \/>\n<meta property=\"og:site_name\" content=\"Beauty in the pink\" \/>\n<meta property=\"article:modified_time\" content=\"2023-09-23T02:39:26+00:00\" \/>\n<meta property=\"og:image\" content=\"https:\/\/beautyinthepink.com\/wp-content\/uploads\/2020\/05\/FOTO-MUJER.jpg\" \/>\n\t<meta property=\"og:image:width\" content=\"1280\" \/>\n\t<meta property=\"og:image:height\" content=\"700\" \/>\n\t<meta property=\"og:image:type\" content=\"image\/jpeg\" \/>\n<meta name=\"twitter:card\" content=\"summary_large_image\" \/>\n<script type=\"application\/ld+json\" class=\"yoast-schema-graph\">{\"@context\":\"https:\\\/\\\/schema.org\",\"@graph\":[{\"@type\":\"WebPage\",\"@id\":\"https:\\\/\\\/beautyinthepink.com\\\/index.php\\\/about\\\/\",\"url\":\"https:\\\/\\\/beautyinthepink.com\\\/index.php\\\/about\\\/\",\"name\":\"Acerca de nosotros - Beauty in the pink | Qui\u00e9nes somos\",\"isPartOf\":{\"@id\":\"https:\\\/\\\/beautyinthepink.com\\\/#website\"},\"primaryImageOfPage\":{\"@id\":\"https:\\\/\\\/beautyinthepink.com\\\/index.php\\\/about\\\/#primaryimage\"},\"image\":{\"@id\":\"https:\\\/\\\/beautyinthepink.com\\\/index.php\\\/about\\\/#primaryimage\"},\"thumbnailUrl\":\"https:\\\/\\\/beautyinthepink.com\\\/wp-content\\\/uploads\\\/2020\\\/05\\\/FOTO-MUJER.jpg\",\"datePublished\":\"2018-02-20T12:17:09+00:00\",\"dateModified\":\"2023-09-23T02:39:26+00:00\",\"description\":\"Acerca de nosotros. Nuestro inter\u00e9s es brindarles consejos de belleza, salud, bienestar y rese\u00f1as de productos de salud y cuidado personal.\",\"breadcrumb\":{\"@id\":\"https:\\\/\\\/beautyinthepink.com\\\/index.php\\\/about\\\/#breadcrumb\"},\"inLanguage\":\"en-US\",\"potentialAction\":[{\"@type\":\"ReadAction\",\"target\":[\"https:\\\/\\\/beautyinthepink.com\\\/index.php\\\/about\\\/\"]}]},{\"@type\":\"ImageObject\",\"inLanguage\":\"en-US\",\"@id\":\"https:\\\/\\\/beautyinthepink.com\\\/index.php\\\/about\\\/#primaryimage\",\"url\":\"https:\\\/\\\/beautyinthepink.com\\\/wp-content\\\/uploads\\\/2020\\\/05\\\/FOTO-MUJER.jpg\",\"contentUrl\":\"https:\\\/\\\/beautyinthepink.com\\\/wp-content\\\/uploads\\\/2020\\\/05\\\/FOTO-MUJER.jpg\",\"width\":1280,\"height\":700},{\"@type\":\"BreadcrumbList\",\"@id\":\"https:\\\/\\\/beautyinthepink.com\\\/index.php\\\/about\\\/#breadcrumb\",\"itemListElement\":[{\"@type\":\"ListItem\",\"position\":1,\"name\":\"Home\",\"item\":\"https:\\\/\\\/beautyinthepink.com\\\/\"},{\"@type\":\"ListItem\",\"position\":2,\"name\":\"Acerca de nosotros\"}]},{\"@type\":\"WebSite\",\"@id\":\"https:\\\/\\\/beautyinthepink.com\\\/#website\",\"url\":\"https:\\\/\\\/beautyinthepink.com\\\/\",\"name\":\"Beauty in the pink\",\"description\":\"Tips de belleza y salud. Rese\u00f1as de productos.\",\"publisher\":{\"@id\":\"https:\\\/\\\/beautyinthepink.com\\\/#\\\/schema\\\/person\\\/74bd8b81d8129c917720431ce029fdc1\"},\"potentialAction\":[{\"@type\":\"SearchAction\",\"target\":{\"@type\":\"EntryPoint\",\"urlTemplate\":\"https:\\\/\\\/beautyinthepink.com\\\/?s={search_term_string}\"},\"query-input\":{\"@type\":\"PropertyValueSpecification\",\"valueRequired\":true,\"valueName\":\"search_term_string\"}}],\"inLanguage\":\"en-US\"},{\"@type\":[\"Person\",\"Organization\"],\"@id\":\"https:\\\/\\\/beautyinthepink.com\\\/#\\\/schema\\\/person\\\/74bd8b81d8129c917720431ce029fdc1\",\"name\":\"Beautyinthepink\",\"image\":{\"@type\":\"ImageObject\",\"inLanguage\":\"en-US\",\"@id\":\"https:\\\/\\\/beautyinthepink.com\\\/wp-content\\\/uploads\\\/2020\\\/05\\\/icosn-pink.png\",\"url\":\"https:\\\/\\\/beautyinthepink.com\\\/wp-content\\\/uploads\\\/2020\\\/05\\\/icosn-pink.png\",\"contentUrl\":\"https:\\\/\\\/beautyinthepink.com\\\/wp-content\\\/uploads\\\/2020\\\/05\\\/icosn-pink.png\",\"width\":451,\"height\":431,\"caption\":\"Beautyinthepink\"},\"logo\":{\"@id\":\"https:\\\/\\\/beautyinthepink.com\\\/wp-content\\\/uploads\\\/2020\\\/05\\\/icosn-pink.png\"},\"sameAs\":[\"http:\\\/\\\/beautyinthepink.com\"]}]}<\/script>\n<!-- \/ Yoast SEO plugin. -->","yoast_head_json":{"title":"Acerca de nosotros - Beauty in the pink | Qui\u00e9nes somos","description":"Acerca de nosotros. Nuestro inter\u00e9s es brindarles consejos de belleza, salud, bienestar y rese\u00f1as de productos de salud y cuidado personal.","robots":{"index":"index","follow":"follow","max-snippet":"max-snippet:-1","max-image-preview":"max-image-preview:large","max-video-preview":"max-video-preview:-1"},"canonical":"https:\/\/beautyinthepink.com\/index.php\/about\/","og_locale":"en_US","og_type":"article","og_title":"Acerca de nosotros - Beauty in the pink | Qui\u00e9nes somos","og_description":"Acerca de nosotros. Nuestro inter\u00e9s es brindarles consejos de belleza, salud, bienestar y rese\u00f1as de productos de salud y cuidado personal.","og_url":"https:\/\/beautyinthepink.com\/index.php\/about\/","og_site_name":"Beauty in the pink","article_modified_time":"2023-09-23T02:39:26+00:00","og_image":[{"width":1280,"height":700,"url":"https:\/\/beautyinthepink.com\/wp-content\/uploads\/2020\/05\/FOTO-MUJER.jpg","type":"image\/jpeg"}],"twitter_card":"summary_large_image","schema":{"@context":"https:\/\/schema.org","@graph":[{"@type":"WebPage","@id":"https:\/\/beautyinthepink.com\/index.php\/about\/","url":"https:\/\/beautyinthepink.com\/index.php\/about\/","name":"Acerca de nosotros - Beauty in the pink | Qui\u00e9nes somos","isPartOf":{"@id":"https:\/\/beautyinthepink.com\/#website"},"primaryImageOfPage":{"@id":"https:\/\/beautyinthepink.com\/index.php\/about\/#primaryimage"},"image":{"@id":"https:\/\/beautyinthepink.com\/index.php\/about\/#primaryimage"},"thumbnailUrl":"https:\/\/beautyinthepink.com\/wp-content\/uploads\/2020\/05\/FOTO-MUJER.jpg","datePublished":"2018-02-20T12:17:09+00:00","dateModified":"2023-09-23T02:39:26+00:00","description":"Acerca de nosotros. Nuestro inter\u00e9s es brindarles consejos de belleza, salud, bienestar y rese\u00f1as de productos de salud y cuidado personal.","breadcrumb":{"@id":"https:\/\/beautyinthepink.com\/index.php\/about\/#breadcrumb"},"inLanguage":"en-US","potentialAction":[{"@type":"ReadAction","target":["https:\/\/beautyinthepink.com\/index.php\/about\/"]}]},{"@type":"ImageObject","inLanguage":"en-US","@id":"https:\/\/beautyinthepink.com\/index.php\/about\/#primaryimage","url":"https:\/\/beautyinthepink.com\/wp-content\/uploads\/2020\/05\/FOTO-MUJER.jpg","contentUrl":"https:\/\/beautyinthepink.com\/wp-content\/uploads\/2020\/05\/FOTO-MUJER.jpg","width":1280,"height":700},{"@type":"BreadcrumbList","@id":"https:\/\/beautyinthepink.com\/index.php\/about\/#breadcrumb","itemListElement":[{"@type":"ListItem","position":1,"name":"Home","item":"https:\/\/beautyinthepink.com\/"},{"@type":"ListItem","position":2,"name":"Acerca de nosotros"}]},{"@type":"WebSite","@id":"https:\/\/beautyinthepink.com\/#website","url":"https:\/\/beautyinthepink.com\/","name":"Beauty in the pink","description":"Tips de belleza y salud. Rese\u00f1as de productos.","publisher":{"@id":"https:\/\/beautyinthepink.com\/#\/schema\/person\/74bd8b81d8129c917720431ce029fdc1"},"potentialAction":[{"@type":"SearchAction","target":{"@type":"EntryPoint","urlTemplate":"https:\/\/beautyinthepink.com\/?s={search_term_string}"},"query-input":{"@type":"PropertyValueSpecification","valueRequired":true,"valueName":"search_term_string"}}],"inLanguage":"en-US"},{"@type":["Person","Organization"],"@id":"https:\/\/beautyinthepink.com\/#\/schema\/person\/74bd8b81d8129c917720431ce029fdc1","name":"Beautyinthepink","image":{"@type":"ImageObject","inLanguage":"en-US","@id":"https:\/\/beautyinthepink.com\/wp-content\/uploads\/2020\/05\/icosn-pink.png","url":"https:\/\/beautyinthepink.com\/wp-content\/uploads\/2020\/05\/icosn-pink.png","contentUrl":"https:\/\/beautyinthepink.com\/wp-content\/uploads\/2020\/05\/icosn-pink.png","width":451,"height":431,"caption":"Beautyinthepink"},"logo":{"@id":"https:\/\/beautyinthepink.com\/wp-content\/uploads\/2020\/05\/icosn-pink.png"},"sameAs":["http:\/\/beautyinthepink.com"]}]}},"amp_enabled":true,"_links":{"self":[{"href":"https:\/\/beautyinthepink.com\/index.php\/wp-json\/wp\/v2\/pages\/14591","targetHints":{"allow":["GET"]}}],"collection":[{"href":"https:\/\/beautyinthepink.com\/index.php\/wp-json\/wp\/v2\/pages"}],"about":[{"href":"https:\/\/beautyinthepink.com\/index.php\/wp-json\/wp\/v2\/types\/page"}],"author":[{"embeddable":true,"href":"https:\/\/beautyinthepink.com\/index.php\/wp-json\/wp\/v2\/users\/1"}],"replies":[{"embeddable":true,"href":"https:\/\/beautyinthepink.com\/index.php\/wp-json\/wp\/v2\/comments?post=14591"}],"version-history":[{"count":9,"href":"https:\/\/beautyinthepink.com\/index.php\/wp-json\/wp\/v2\/pages\/14591\/revisions"}],"predecessor-version":[{"id":19184,"href":"https:\/\/beautyinthepink.com\/index.php\/wp-json\/wp\/v2\/pages\/14591\/revisions\/19184"}],"wp:featuredmedia":[{"embeddable":true,"href":"https:\/\/beautyinthepink.com\/index.php\/wp-json\/wp\/v2\/media\/17247"}],"wp:attachment":[{"href":"https:\/\/beautyinthepink.com\/index.php\/wp-json\/wp\/v2\/media?parent=14591"}],"curies":[{"name":"wp","href":"https:\/\/api.w.org\/{rel}","templated":true}]}}