{"id":11850,"date":"2016-06-24T12:08:02","date_gmt":"2016-06-24T12:08:02","guid":{"rendered":"http:\/\/template.cmsmasters.net\/?page_id=11850"},"modified":"2023-09-23T02:56:56","modified_gmt":"2023-09-23T02:56:56","slug":"contacto","status":"publish","type":"page","link":"https:\/\/beautyinthepink.com\/index.php\/contacto\/","title":{"rendered":"Contacto"},"content":{"rendered":"<div id=\"tdi_1\" class=\"tdc-zone\"><div class=\"tdc_zone tdi_2  wpb_row td-pb-row\"  >\n<style scoped>\n\/* custom css - generated by TagDiv Composer *\/\n\n\/* custom css - generated by TagDiv Composer *\/\n.tdi_2{\r\n                    min-height: 0;\r\n                }\n<\/style><div id=\"tdi_3\" class=\"tdc-row\"><div class=\"vc_row tdi_4  wpb_row td-pb-row\" >\n<style scoped>\n\/* custom css - generated by TagDiv Composer *\/\n\n\/* custom css - generated by TagDiv Composer *\/\n.tdi_4,\r\n                .tdi_4 .tdc-columns{\r\n                    min-height: 0;\r\n                }.tdi_4,\r\n\t\t\t\t.tdi_4 .tdc-columns{\r\n\t\t\t\t    display: block;\r\n\t\t\t\t}.tdi_4 .tdc-columns{\r\n\t\t\t\t    width: 100%;\r\n\t\t\t\t}.tdi_4:before,\r\n\t\t\t\t.tdi_4:after{\r\n\t\t\t\t    display: table;\r\n\t\t\t\t}\n<\/style><div class=\"vc_column tdi_6  wpb_column vc_column_container tdc-column td-pb-span12\">\n<style scoped>\n\/* custom css - generated by TagDiv Composer *\/\n\n\/* custom css - generated by TagDiv Composer *\/\n.tdi_6{\r\n                    vertical-align: baseline;\r\n                }.tdi_6 > .wpb_wrapper,\r\n\t\t\t\t.tdi_6 > .wpb_wrapper > .tdc-elements{\r\n\t\t\t\t    display: block;\r\n\t\t\t\t}.tdi_6 > .wpb_wrapper > .tdc-elements{\r\n\t\t\t\t    width: 100%;\r\n\t\t\t\t}.tdi_6 > .wpb_wrapper > .vc_row_inner{\r\n\t\t\t\t    width: auto;\r\n\t\t\t\t}.tdi_6 > .wpb_wrapper{\r\n\t\t\t\t    width: auto;\r\n\t\t\t\t    height: auto;\r\n\t\t\t\t}\n<\/style><div class=\"wpb_wrapper\" ><div class=\"tdm_block td_block_wrap tdm_block_text_image tdi_7 td-animation-stack tdm-layout-12-12 tdm-content-horiz-left tdm-content-vert-center td-pb-border-top td_block_template_1\"  data-td-block-uid=\"tdi_7\" >\n<style>\n\/* custom css - generated by TagDiv Composer *\/\n.tdm_block_text_image .tdm-text-wrap{\r\n                  padding-top: 20px;\r\n                  padding-bottom: 20px;\r\n                }.tdm_block_text_image .tdm-descr{\r\n                  margin-bottom: 0;\r\n                }.tdm_block_text_image .tds-button{\r\n                  margin-top: 30px;\r\n                }@media (min-width: 767px) {\r\n                  .tdm_block_text_image.tdm-text-image-extend-img {\r\n                    margin-right: calc((-100vw + 100%) \/ 2);\r\n                  }\r\n                  .tdm_block_text_image.tdm-text-image-extend-img.tdm-flip-yes {\r\n                    margin-right: 0;\r\n                    margin-left: calc((-100vw + 100%) \/ 2);\r\n                  }\r\n                  .tdm_block_text_image.tdm-text-image-extend-img.tdm-flip-yes .tdm-col-img {\r\n                    text-align: right;\r\n                  }\r\n                }@media (max-width: 767px) {\r\n                  .tdm_block_text_image .tdm-col-img {\r\n                    margin-top: 36px;\r\n                  }\r\n                  .tdm_block_text_image.tdm-flip-yes .tdm-col-img {\r\n                    margin-top: 0;\r\n                    margin-bottom: 15px;\r\n                  }\r\n                }\n<\/style><div class=\"td-block-width tdm-fix-full\"><div class=\"td-block-row tdm-row\"><div class=\"td-block-span6 tdm-col\"><div class=\"tdm-text-wrap tdm-text-padding\"><div class=\"tds-title tds-title1 td-fix-index tdi_8 \"><h3 class=\"tdm-title tdm-title-md\">Cont\u00e1ctanos<\/h3><\/div><p class=\"tdm-descr td-fix-index\">Si tienes preguntas o dudas puedes contactarnos enviando un email a info@beautyinthepink.com o a beautyinthepink@gmail.com<\/p>\n<style>\n\/* custom css - generated by TagDiv Composer *\/\n.tdi_9 .tdm-btn-icon:last-child{\r\n\t\t\t\t\tmargin-left: 14px;\r\n\t\t\t\t}\n<\/style><div class=\"tds-button td-fix-index\"><a \r\n                href=\"#\" \r\n                 title=\"Publicaciones de Belleza\"\r\n                class=\"tds-button1 tdm-btn tdm-btn-lg tdi_9 \" ><span class=\"tdm-btn-text\">Publicaciones de Belleza<\/span><i class=\"tdm-btn-icon tdc-font-fa tdc-font-fa-chevron-right\"><\/i><\/a><\/div><\/div><\/div><div class=\"td-block-span6 tdm-col tdm-col-img\"><img class=\"tdm-image td-fix-index td-lazy-img\" data-type=\"image_tag\" data-img-url=\"https:\/\/beautyinthepink.com\/wp-content\/uploads\/2023\/09\/Untitled-design-2.jpg\"  title=\"Beauty In The Pink about\" alt=\"Beauty In The Pink about\" width=\"1000\" height=\"600\"><\/div><\/div><\/div><\/div><\/div><\/div><\/div><\/div><\/div><\/div>","protected":false},"excerpt":{"rendered":"","protected":false},"author":1,"featured_media":17225,"parent":0,"menu_order":0,"comment_status":"closed","ping_status":"closed","template":"","meta":{"tdm_status":"","tdm_grid_status":"","footnotes":""},"class_list":["post-11850","page","type-page","status-publish","has-post-thumbnail"],"yoast_head":"<!-- This site is optimized with the Yoast SEO plugin v27.6 - https:\/\/yoast.com\/product\/yoast-seo-wordpress\/ -->\n<title>Contacto - Beauty in the pink | Deja un mensaje para m\u00e1s informaci\u00f3n<\/title>\n<meta name=\"description\" content=\"Informaci\u00f3n de contacto. Deja un mensaje para dudas o preguntas. Informaci\u00f3n de contacto. Blog de belleza y salud para mujeres.\" \/>\n<meta name=\"robots\" content=\"index, follow, max-snippet:-1, max-image-preview:large, max-video-preview:-1\" \/>\n<link rel=\"canonical\" href=\"https:\/\/beautyinthepink.com\/index.php\/contacto\/\" \/>\n<meta property=\"og:locale\" content=\"en_US\" \/>\n<meta property=\"og:type\" content=\"article\" \/>\n<meta property=\"og:title\" content=\"Contacto - Beauty in the pink | Deja un mensaje para m\u00e1s informaci\u00f3n\" \/>\n<meta property=\"og:description\" content=\"Informaci\u00f3n de contacto. Deja un mensaje para dudas o preguntas. Informaci\u00f3n de contacto. Blog de belleza y salud para mujeres.\" \/>\n<meta property=\"og:url\" content=\"https:\/\/beautyinthepink.com\/index.php\/contacto\/\" \/>\n<meta property=\"og:site_name\" content=\"Beauty in the pink\" \/>\n<meta property=\"article:modified_time\" content=\"2023-09-23T02:56:56+00:00\" \/>\n<meta property=\"og:image\" content=\"https:\/\/beautyinthepink.com\/wp-content\/uploads\/2020\/05\/cover-banner-4..jpg\" \/>\n\t<meta property=\"og:image:width\" content=\"1250\" \/>\n\t<meta property=\"og:image:height\" content=\"650\" \/>\n\t<meta property=\"og:image:type\" content=\"image\/jpeg\" \/>\n<meta name=\"twitter:card\" content=\"summary_large_image\" \/>\n<meta name=\"twitter:label1\" content=\"Est. reading time\" \/>\n\t<meta name=\"twitter:data1\" content=\"2 minutes\" \/>\n<script type=\"application\/ld+json\" class=\"yoast-schema-graph\">{\"@context\":\"https:\\\/\\\/schema.org\",\"@graph\":[{\"@type\":\"WebPage\",\"@id\":\"https:\\\/\\\/beautyinthepink.com\\\/index.php\\\/contacto\\\/\",\"url\":\"https:\\\/\\\/beautyinthepink.com\\\/index.php\\\/contacto\\\/\",\"name\":\"Contacto - Beauty in the pink | Deja un mensaje para m\u00e1s informaci\u00f3n\",\"isPartOf\":{\"@id\":\"https:\\\/\\\/beautyinthepink.com\\\/#website\"},\"primaryImageOfPage\":{\"@id\":\"https:\\\/\\\/beautyinthepink.com\\\/index.php\\\/contacto\\\/#primaryimage\"},\"image\":{\"@id\":\"https:\\\/\\\/beautyinthepink.com\\\/index.php\\\/contacto\\\/#primaryimage\"},\"thumbnailUrl\":\"https:\\\/\\\/beautyinthepink.com\\\/wp-content\\\/uploads\\\/2020\\\/05\\\/cover-banner-4..jpg\",\"datePublished\":\"2016-06-24T12:08:02+00:00\",\"dateModified\":\"2023-09-23T02:56:56+00:00\",\"description\":\"Informaci\u00f3n de contacto. Deja un mensaje para dudas o preguntas. Informaci\u00f3n de contacto. Blog de belleza y salud para mujeres.\",\"breadcrumb\":{\"@id\":\"https:\\\/\\\/beautyinthepink.com\\\/index.php\\\/contacto\\\/#breadcrumb\"},\"inLanguage\":\"en-US\",\"potentialAction\":[{\"@type\":\"ReadAction\",\"target\":[\"https:\\\/\\\/beautyinthepink.com\\\/index.php\\\/contacto\\\/\"]}]},{\"@type\":\"ImageObject\",\"inLanguage\":\"en-US\",\"@id\":\"https:\\\/\\\/beautyinthepink.com\\\/index.php\\\/contacto\\\/#primaryimage\",\"url\":\"https:\\\/\\\/beautyinthepink.com\\\/wp-content\\\/uploads\\\/2020\\\/05\\\/cover-banner-4..jpg\",\"contentUrl\":\"https:\\\/\\\/beautyinthepink.com\\\/wp-content\\\/uploads\\\/2020\\\/05\\\/cover-banner-4..jpg\",\"width\":1250,\"height\":650,\"caption\":\"nails\"},{\"@type\":\"BreadcrumbList\",\"@id\":\"https:\\\/\\\/beautyinthepink.com\\\/index.php\\\/contacto\\\/#breadcrumb\",\"itemListElement\":[{\"@type\":\"ListItem\",\"position\":1,\"name\":\"Home\",\"item\":\"https:\\\/\\\/beautyinthepink.com\\\/\"},{\"@type\":\"ListItem\",\"position\":2,\"name\":\"Contacto\"}]},{\"@type\":\"WebSite\",\"@id\":\"https:\\\/\\\/beautyinthepink.com\\\/#website\",\"url\":\"https:\\\/\\\/beautyinthepink.com\\\/\",\"name\":\"Beauty in the pink\",\"description\":\"Tips de belleza y salud. Rese\u00f1as de productos.\",\"publisher\":{\"@id\":\"https:\\\/\\\/beautyinthepink.com\\\/#\\\/schema\\\/person\\\/74bd8b81d8129c917720431ce029fdc1\"},\"potentialAction\":[{\"@type\":\"SearchAction\",\"target\":{\"@type\":\"EntryPoint\",\"urlTemplate\":\"https:\\\/\\\/beautyinthepink.com\\\/?s={search_term_string}\"},\"query-input\":{\"@type\":\"PropertyValueSpecification\",\"valueRequired\":true,\"valueName\":\"search_term_string\"}}],\"inLanguage\":\"en-US\"},{\"@type\":[\"Person\",\"Organization\"],\"@id\":\"https:\\\/\\\/beautyinthepink.com\\\/#\\\/schema\\\/person\\\/74bd8b81d8129c917720431ce029fdc1\",\"name\":\"Beautyinthepink\",\"image\":{\"@type\":\"ImageObject\",\"inLanguage\":\"en-US\",\"@id\":\"https:\\\/\\\/beautyinthepink.com\\\/wp-content\\\/uploads\\\/2020\\\/05\\\/icosn-pink.png\",\"url\":\"https:\\\/\\\/beautyinthepink.com\\\/wp-content\\\/uploads\\\/2020\\\/05\\\/icosn-pink.png\",\"contentUrl\":\"https:\\\/\\\/beautyinthepink.com\\\/wp-content\\\/uploads\\\/2020\\\/05\\\/icosn-pink.png\",\"width\":451,\"height\":431,\"caption\":\"Beautyinthepink\"},\"logo\":{\"@id\":\"https:\\\/\\\/beautyinthepink.com\\\/wp-content\\\/uploads\\\/2020\\\/05\\\/icosn-pink.png\"},\"sameAs\":[\"http:\\\/\\\/beautyinthepink.com\"]}]}<\/script>\n<!-- \/ Yoast SEO plugin. -->","yoast_head_json":{"title":"Contacto - Beauty in the pink | Deja un mensaje para m\u00e1s informaci\u00f3n","description":"Informaci\u00f3n de contacto. Deja un mensaje para dudas o preguntas. Informaci\u00f3n de contacto. Blog de belleza y salud para mujeres.","robots":{"index":"index","follow":"follow","max-snippet":"max-snippet:-1","max-image-preview":"max-image-preview:large","max-video-preview":"max-video-preview:-1"},"canonical":"https:\/\/beautyinthepink.com\/index.php\/contacto\/","og_locale":"en_US","og_type":"article","og_title":"Contacto - Beauty in the pink | Deja un mensaje para m\u00e1s informaci\u00f3n","og_description":"Informaci\u00f3n de contacto. Deja un mensaje para dudas o preguntas. Informaci\u00f3n de contacto. Blog de belleza y salud para mujeres.","og_url":"https:\/\/beautyinthepink.com\/index.php\/contacto\/","og_site_name":"Beauty in the pink","article_modified_time":"2023-09-23T02:56:56+00:00","og_image":[{"width":1250,"height":650,"url":"https:\/\/beautyinthepink.com\/wp-content\/uploads\/2020\/05\/cover-banner-4..jpg","type":"image\/jpeg"}],"twitter_card":"summary_large_image","twitter_misc":{"Est. reading time":"2 minutes"},"schema":{"@context":"https:\/\/schema.org","@graph":[{"@type":"WebPage","@id":"https:\/\/beautyinthepink.com\/index.php\/contacto\/","url":"https:\/\/beautyinthepink.com\/index.php\/contacto\/","name":"Contacto - Beauty in the pink | Deja un mensaje para m\u00e1s informaci\u00f3n","isPartOf":{"@id":"https:\/\/beautyinthepink.com\/#website"},"primaryImageOfPage":{"@id":"https:\/\/beautyinthepink.com\/index.php\/contacto\/#primaryimage"},"image":{"@id":"https:\/\/beautyinthepink.com\/index.php\/contacto\/#primaryimage"},"thumbnailUrl":"https:\/\/beautyinthepink.com\/wp-content\/uploads\/2020\/05\/cover-banner-4..jpg","datePublished":"2016-06-24T12:08:02+00:00","dateModified":"2023-09-23T02:56:56+00:00","description":"Informaci\u00f3n de contacto. Deja un mensaje para dudas o preguntas. Informaci\u00f3n de contacto. Blog de belleza y salud para mujeres.","breadcrumb":{"@id":"https:\/\/beautyinthepink.com\/index.php\/contacto\/#breadcrumb"},"inLanguage":"en-US","potentialAction":[{"@type":"ReadAction","target":["https:\/\/beautyinthepink.com\/index.php\/contacto\/"]}]},{"@type":"ImageObject","inLanguage":"en-US","@id":"https:\/\/beautyinthepink.com\/index.php\/contacto\/#primaryimage","url":"https:\/\/beautyinthepink.com\/wp-content\/uploads\/2020\/05\/cover-banner-4..jpg","contentUrl":"https:\/\/beautyinthepink.com\/wp-content\/uploads\/2020\/05\/cover-banner-4..jpg","width":1250,"height":650,"caption":"nails"},{"@type":"BreadcrumbList","@id":"https:\/\/beautyinthepink.com\/index.php\/contacto\/#breadcrumb","itemListElement":[{"@type":"ListItem","position":1,"name":"Home","item":"https:\/\/beautyinthepink.com\/"},{"@type":"ListItem","position":2,"name":"Contacto"}]},{"@type":"WebSite","@id":"https:\/\/beautyinthepink.com\/#website","url":"https:\/\/beautyinthepink.com\/","name":"Beauty in the pink","description":"Tips de belleza y salud. Rese\u00f1as de productos.","publisher":{"@id":"https:\/\/beautyinthepink.com\/#\/schema\/person\/74bd8b81d8129c917720431ce029fdc1"},"potentialAction":[{"@type":"SearchAction","target":{"@type":"EntryPoint","urlTemplate":"https:\/\/beautyinthepink.com\/?s={search_term_string}"},"query-input":{"@type":"PropertyValueSpecification","valueRequired":true,"valueName":"search_term_string"}}],"inLanguage":"en-US"},{"@type":["Person","Organization"],"@id":"https:\/\/beautyinthepink.com\/#\/schema\/person\/74bd8b81d8129c917720431ce029fdc1","name":"Beautyinthepink","image":{"@type":"ImageObject","inLanguage":"en-US","@id":"https:\/\/beautyinthepink.com\/wp-content\/uploads\/2020\/05\/icosn-pink.png","url":"https:\/\/beautyinthepink.com\/wp-content\/uploads\/2020\/05\/icosn-pink.png","contentUrl":"https:\/\/beautyinthepink.com\/wp-content\/uploads\/2020\/05\/icosn-pink.png","width":451,"height":431,"caption":"Beautyinthepink"},"logo":{"@id":"https:\/\/beautyinthepink.com\/wp-content\/uploads\/2020\/05\/icosn-pink.png"},"sameAs":["http:\/\/beautyinthepink.com"]}]}},"amp_enabled":true,"_links":{"self":[{"href":"https:\/\/beautyinthepink.com\/index.php\/wp-json\/wp\/v2\/pages\/11850","targetHints":{"allow":["GET"]}}],"collection":[{"href":"https:\/\/beautyinthepink.com\/index.php\/wp-json\/wp\/v2\/pages"}],"about":[{"href":"https:\/\/beautyinthepink.com\/index.php\/wp-json\/wp\/v2\/types\/page"}],"author":[{"embeddable":true,"href":"https:\/\/beautyinthepink.com\/index.php\/wp-json\/wp\/v2\/users\/1"}],"replies":[{"embeddable":true,"href":"https:\/\/beautyinthepink.com\/index.php\/wp-json\/wp\/v2\/comments?post=11850"}],"version-history":[{"count":7,"href":"https:\/\/beautyinthepink.com\/index.php\/wp-json\/wp\/v2\/pages\/11850\/revisions"}],"predecessor-version":[{"id":19193,"href":"https:\/\/beautyinthepink.com\/index.php\/wp-json\/wp\/v2\/pages\/11850\/revisions\/19193"}],"wp:featuredmedia":[{"embeddable":true,"href":"https:\/\/beautyinthepink.com\/index.php\/wp-json\/wp\/v2\/media\/17225"}],"wp:attachment":[{"href":"https:\/\/beautyinthepink.com\/index.php\/wp-json\/wp\/v2\/media?parent=11850"}],"curies":[{"name":"wp","href":"https:\/\/api.w.org\/{rel}","templated":true}]}}